{"id":474,"date":"2023-02-03T02:05:45","date_gmt":"2023-02-03T01:05:45","guid":{"rendered":"https:\/\/scopeltour.ceformedsrl.it\/?page_id=474"},"modified":"2024-03-15T19:05:19","modified_gmt":"2024-03-15T18:05:19","slug":"percorsi-didattici","status":"publish","type":"page","link":"https:\/\/scopeltour.com\/es\/percorsi-didattici\/","title":{"rendered":"Percorsi didattici"},"content":{"rendered":"<div data-elementor-type=\"wp-page\" data-elementor-id=\"474\" class=\"elementor elementor-474\">\n\t\t\t\t\t\t<section class=\"elementor-section elementor-top-section elementor-element elementor-element-016f1ca elementor-section-boxed elementor-section-height-default elementor-section-height-default wpr-particle-no wpr-jarallax-no wpr-parallax-no wpr-sticky-section-no\" data-id=\"016f1ca\" data-element_type=\"section\" data-settings=\"{&quot;background_background&quot;:&quot;classic&quot;}\">\n\t\t\t\t\t\t<div class=\"elementor-container elementor-column-gap-extended\">\n\t\t\t\t\t<div class=\"elementor-column elementor-col-100 elementor-top-column elementor-element elementor-element-6834be6\" data-id=\"6834be6\" data-element_type=\"column\">\n\t\t\t<div class=\"elementor-widget-wrap elementor-element-populated\">\n\t\t\t\t\t\t<div class=\"elementor-element elementor-element-7b89882 elementor-invisible elementor-widget elementor-widget-heading\" data-id=\"7b89882\" data-element_type=\"widget\" data-settings=\"{&quot;_animation&quot;:&quot;fadeInLeft&quot;}\" data-widget_type=\"heading.default\">\n\t\t\t\t<div class=\"elementor-widget-container\">\n\t\t\t\t\t<h2 class=\"elementor-heading-title elementor-size-default\">Legalit\u00e0: educare al Bene<\/h2>\t\t\t\t<\/div>\n\t\t\t\t<\/div>\n\t\t\t\t<div class=\"elementor-element elementor-element-b40d8b4 elementor-invisible elementor-widget elementor-widget-text-editor\" data-id=\"b40d8b4\" data-element_type=\"widget\" data-settings=\"{&quot;_animation&quot;:&quot;fadeInLeft&quot;}\" data-widget_type=\"text-editor.default\">\n\t\t\t\t<div class=\"elementor-widget-container\">\n\t\t\t\t\t\t\t\t\t<p>Quante volte abbiamo provato emozione profonda di fronte alle immagini di uomini e donne che hanno dato il loro tempo e la loro vita per combattere la mafia e l\u2019illegalit\u00e0 presente nelle nostre vite!<br \/>In Sicilia tutto questo diventa esperienza profonda e tangibile. <br \/>Il nostro percorso non sar\u00e0 solo un attraversare luoghi tristemente legati alla mafia, quasi fosse un modo per esorcizzare ci\u00f2 che \u00e8 accaduto, ma rappresenta una via possibile, attraverso la storia dei martiri della mafia e l\u2019incontro carnale con testimoni di oggi: uomini e donne che con la loro vita e la loro storia dimostrano quotidianamente che vivere l\u2019ordinario diventa straordinario quando si \u00e8 appassionati all\u2019uomo. <br \/>Peppino Impastato, il Beato Padre Pino Puglisi, il Beato giudice Rosario Livatino con le loro storie, seppure cos\u00ec diverse tra loro, ci hanno lasciato questa eredit\u00e0.<\/p>\t\t\t\t\t\t\t\t<\/div>\n\t\t\t\t<\/div>\n\t\t\t\t\t<\/div>\n\t\t<\/div>\n\t\t\t\t\t<\/div>\n\t\t<\/section>\n\t\t\t\t<section class=\"elementor-section elementor-top-section elementor-element elementor-element-3d73e28 elementor-section-boxed elementor-section-height-default elementor-section-height-default wpr-particle-no wpr-jarallax-no wpr-parallax-no wpr-sticky-section-no\" data-id=\"3d73e28\" data-element_type=\"section\">\n\t\t\t\t\t\t<div class=\"elementor-container elementor-column-gap-default\">\n\t\t\t\t\t<div class=\"elementor-column elementor-col-33 elementor-top-column elementor-element elementor-element-ed22743\" data-id=\"ed22743\" data-element_type=\"column\">\n\t\t\t<div class=\"elementor-widget-wrap elementor-element-populated\">\n\t\t\t\t\t\t<div class=\"elementor-element elementor-element-b32dd5c elementor-widget elementor-widget-image\" data-id=\"b32dd5c\" data-element_type=\"widget\" data-widget_type=\"image.default\">\n\t\t\t\t<div class=\"elementor-widget-container\">\n\t\t\t\t\t\t\t\t\t\t\t\t\t\t\t<img fetchpriority=\"high\" decoding=\"async\" width=\"800\" height=\"656\" src=\"https:\/\/scopeltour.com\/wp-content\/uploads\/2024\/03\/rossasera-e1710525463383-1024x840.jpg\" class=\"attachment-large size-large wp-image-3752\" alt=\"\" srcset=\"https:\/\/scopeltour.com\/wp-content\/uploads\/2024\/03\/rossasera-e1710525463383-1024x840.jpg 1024w, https:\/\/scopeltour.com\/wp-content\/uploads\/2024\/03\/rossasera-e1710525463383-600x492.jpg 600w, https:\/\/scopeltour.com\/wp-content\/uploads\/2024\/03\/rossasera-e1710525463383-300x246.jpg 300w, https:\/\/scopeltour.com\/wp-content\/uploads\/2024\/03\/rossasera-e1710525463383-768x630.jpg 768w, https:\/\/scopeltour.com\/wp-content\/uploads\/2024\/03\/rossasera-e1710525463383.jpg 1300w\" sizes=\"(max-width: 800px) 100vw, 800px\" \/>\t\t\t\t\t\t\t\t\t\t\t\t\t\t\t<\/div>\n\t\t\t\t<\/div>\n\t\t\t\t\t<\/div>\n\t\t<\/div>\n\t\t\t\t<div class=\"elementor-column elementor-col-33 elementor-top-column elementor-element elementor-element-241c0c5\" data-id=\"241c0c5\" data-element_type=\"column\">\n\t\t\t<div class=\"elementor-widget-wrap elementor-element-populated\">\n\t\t\t\t\t\t<div class=\"elementor-element elementor-element-4be284d elementor-widget elementor-widget-image\" data-id=\"4be284d\" data-element_type=\"widget\" data-widget_type=\"image.default\">\n\t\t\t\t<div class=\"elementor-widget-container\">\n\t\t\t\t\t\t\t\t\t\t\t\t\t\t\t<img decoding=\"async\" width=\"800\" height=\"655\" src=\"https:\/\/scopeltour.com\/wp-content\/uploads\/2024\/03\/408767879_937231251312859_6563054074138798219_n-e1710525271570-1024x838.jpg\" class=\"attachment-large size-large wp-image-3755\" alt=\"\" srcset=\"https:\/\/scopeltour.com\/wp-content\/uploads\/2024\/03\/408767879_937231251312859_6563054074138798219_n-e1710525271570-1024x838.jpg 1024w, https:\/\/scopeltour.com\/wp-content\/uploads\/2024\/03\/408767879_937231251312859_6563054074138798219_n-e1710525271570-768x628.jpg 768w\" sizes=\"(max-width: 800px) 100vw, 800px\" \/>\t\t\t\t\t\t\t\t\t\t\t\t\t\t\t<\/div>\n\t\t\t\t<\/div>\n\t\t\t\t\t<\/div>\n\t\t<\/div>\n\t\t\t\t<div class=\"elementor-column elementor-col-33 elementor-top-column elementor-element elementor-element-522da7c\" data-id=\"522da7c\" data-element_type=\"column\">\n\t\t\t<div class=\"elementor-widget-wrap elementor-element-populated\">\n\t\t\t\t\t\t<div class=\"elementor-element elementor-element-2d0158a elementor-widget elementor-widget-image\" data-id=\"2d0158a\" data-element_type=\"widget\" data-widget_type=\"image.default\">\n\t\t\t\t<div class=\"elementor-widget-container\">\n\t\t\t\t\t\t\t\t\t\t\t\t\t\t\t<img decoding=\"async\" width=\"800\" height=\"663\" src=\"https:\/\/scopeltour.com\/wp-content\/uploads\/2024\/03\/IMG_20190531_170131-scaled-e1710525490556-1024x848.jpg\" class=\"attachment-large size-large wp-image-3753\" alt=\"\" srcset=\"https:\/\/scopeltour.com\/wp-content\/uploads\/2024\/03\/IMG_20190531_170131-scaled-e1710525490556-1024x848.jpg 1024w, https:\/\/scopeltour.com\/wp-content\/uploads\/2024\/03\/IMG_20190531_170131-scaled-e1710525490556-600x497.jpg 600w, https:\/\/scopeltour.com\/wp-content\/uploads\/2024\/03\/IMG_20190531_170131-scaled-e1710525490556-300x248.jpg 300w, https:\/\/scopeltour.com\/wp-content\/uploads\/2024\/03\/IMG_20190531_170131-scaled-e1710525490556-768x636.jpg 768w, https:\/\/scopeltour.com\/wp-content\/uploads\/2024\/03\/IMG_20190531_170131-scaled-e1710525490556-1536x1272.jpg 1536w, https:\/\/scopeltour.com\/wp-content\/uploads\/2024\/03\/IMG_20190531_170131-scaled-e1710525490556-2048x1695.jpg 2048w\" sizes=\"(max-width: 800px) 100vw, 800px\" \/>\t\t\t\t\t\t\t\t\t\t\t\t\t\t\t<\/div>\n\t\t\t\t<\/div>\n\t\t\t\t\t<\/div>\n\t\t<\/div>\n\t\t\t\t\t<\/div>\n\t\t<\/section>\n\t\t\t\t<section class=\"elementor-section elementor-top-section elementor-element elementor-element-9db6d1b elementor-section-boxed elementor-section-height-default elementor-section-height-default wpr-particle-no wpr-jarallax-no wpr-parallax-no wpr-sticky-section-no\" data-id=\"9db6d1b\" data-element_type=\"section\" data-settings=\"{&quot;background_background&quot;:&quot;classic&quot;}\">\n\t\t\t\t\t\t<div class=\"elementor-container elementor-column-gap-default\">\n\t\t\t\t\t<div class=\"elementor-column elementor-col-100 elementor-top-column elementor-element elementor-element-cd817b1\" data-id=\"cd817b1\" data-element_type=\"column\">\n\t\t\t<div class=\"elementor-widget-wrap elementor-element-populated\">\n\t\t\t\t\t\t<div class=\"elementor-element elementor-element-2d791e1 elementor-widget elementor-widget-text-editor\" data-id=\"2d791e1\" data-element_type=\"widget\" data-widget_type=\"text-editor.default\">\n\t\t\t\t<div class=\"elementor-widget-container\">\n\t\t\t\t\t\t\t\t\t<p>Viaggi d&#8217;istruzione con itinerari diversificati da 1 a 5 notti. Visiteremo i luoghi pi\u00f9 significativi ed incontreremo testimoni di vite straordinarie nella loro semplicit\u00e0. Palermo e Monreale, Agrigento e Canicatt\u00ec, Gibellina, Alcamo, Cinisi e la Riserva Naturale dello Zingaro.\u00a0<\/p>\t\t\t\t\t\t\t\t<\/div>\n\t\t\t\t<\/div>\n\t\t\t\t\t<\/div>\n\t\t<\/div>\n\t\t\t\t\t<\/div>\n\t\t<\/section>\n\t\t\t\t<section class=\"elementor-section elementor-top-section elementor-element elementor-element-1b317fe elementor-section-boxed elementor-section-height-default elementor-section-height-default wpr-particle-no wpr-jarallax-no wpr-parallax-no wpr-sticky-section-no\" data-id=\"1b317fe\" data-element_type=\"section\" data-settings=\"{&quot;background_background&quot;:&quot;classic&quot;}\">\n\t\t\t\t\t\t<div class=\"elementor-container elementor-column-gap-default\">\n\t\t\t\t\t<div class=\"elementor-column elementor-col-100 elementor-top-column elementor-element elementor-element-0bffd65\" data-id=\"0bffd65\" data-element_type=\"column\">\n\t\t\t<div class=\"elementor-widget-wrap elementor-element-populated\">\n\t\t\t\t\t\t<div class=\"elementor-element elementor-element-f31ce1c elementor-widget-divider--view-line_icon elementor-view-default elementor-widget-divider--element-align-center elementor-invisible elementor-widget elementor-widget-divider\" data-id=\"f31ce1c\" data-element_type=\"widget\" data-settings=\"{&quot;_animation&quot;:&quot;fadeInDown&quot;}\" data-widget_type=\"divider.default\">\n\t\t\t\t<div class=\"elementor-widget-container\">\n\t\t\t\t\t\t\t<div class=\"elementor-divider\">\n\t\t\t<span class=\"elementor-divider-separator\">\n\t\t\t\t\t\t\t<div class=\"elementor-icon elementor-divider__element\">\n\t\t\t\t\t<svg aria-hidden=\"true\" class=\"e-font-icon-svg e-fas-info-circle\" viewbox=\"0 0 512 512\" xmlns=\"http:\/\/www.w3.org\/2000\/svg\"><path d=\"M256 8C119.043 8 8 119.083 8 256c0 136.997 111.043 248 248 248s248-111.003 248-248C504 119.083 392.957 8 256 8zm0 110c23.196 0 42 18.804 42 42s-18.804 42-42 42-42-18.804-42-42 18.804-42 42-42zm56 254c0 6.627-5.373 12-12 12h-88c-6.627 0-12-5.373-12-12v-24c0-6.627 5.373-12 12-12h12v-64h-12c-6.627 0-12-5.373-12-12v-24c0-6.627 5.373-12 12-12h64c6.627 0 12 5.373 12 12v100h12c6.627 0 12 5.373 12 12v24z\"><\/path><\/svg><\/div>\n\t\t\t\t\t\t<\/span>\n\t\t<\/div>\n\t\t\t\t\t\t<\/div>\n\t\t\t\t<\/div>\n\t\t\t\t<div class=\"elementor-element elementor-element-7de0ed0 elementor-invisible elementor-widget elementor-widget-heading\" data-id=\"7de0ed0\" data-element_type=\"widget\" data-settings=\"{&quot;_animation&quot;:&quot;fadeInDown&quot;}\" data-widget_type=\"heading.default\">\n\t\t\t\t<div class=\"elementor-widget-container\">\n\t\t\t\t\t<h2 class=\"elementor-heading-title elementor-size-default\">Para m\u00e1s informaci\u00f3n<\/h2>\t\t\t\t<\/div>\n\t\t\t\t<\/div>\n\t\t\t\t<section class=\"elementor-section elementor-inner-section elementor-element elementor-element-75295bf elementor-section-boxed elementor-section-height-default elementor-section-height-default wpr-particle-no wpr-jarallax-no wpr-parallax-no wpr-sticky-section-no\" data-id=\"75295bf\" data-element_type=\"section\">\n\t\t\t\t\t\t<div class=\"elementor-container elementor-column-gap-wider\">\n\t\t\t\t\t<div class=\"elementor-column elementor-col-100 elementor-inner-column elementor-element elementor-element-20e06be\" data-id=\"20e06be\" data-element_type=\"column\">\n\t\t\t<div class=\"elementor-widget-wrap elementor-element-populated\">\n\t\t\t\t\t\t<div class=\"elementor-element elementor-element-279941c elementor-align-center e-transform elementor-invisible elementor-widget elementor-widget-button\" data-id=\"279941c\" data-element_type=\"widget\" data-settings=\"{&quot;_animation&quot;:&quot;fadeInDown&quot;,&quot;_transform_scale_effect_hover&quot;:{&quot;unit&quot;:&quot;px&quot;,&quot;size&quot;:&quot;0.98&quot;,&quot;sizes&quot;:[]},&quot;_transform_scale_effect_hover_tablet&quot;:{&quot;unit&quot;:&quot;px&quot;,&quot;size&quot;:&quot;&quot;,&quot;sizes&quot;:[]},&quot;_transform_scale_effect_hover_mobile&quot;:{&quot;unit&quot;:&quot;px&quot;,&quot;size&quot;:&quot;&quot;,&quot;sizes&quot;:[]}}\" data-widget_type=\"button.default\">\n\t\t\t\t<div class=\"elementor-widget-container\">\n\t\t\t\t\t\t\t\t\t<div class=\"elementor-button-wrapper\">\n\t\t\t\t\t<a class=\"elementor-button elementor-button-link elementor-size-xl\" href=\"https:\/\/scopeltour.com\/es\/contatti\/\">\n\t\t\t\t\t\t<span class=\"elementor-button-content-wrapper\">\n\t\t\t\t\t\t\t\t\t<span class=\"elementor-button-text\">Cont\u00e1ctanos<\/span>\n\t\t\t\t\t<\/span>\n\t\t\t\t\t<\/a>\n\t\t\t\t<\/div>\n\t\t\t\t\t\t\t\t<\/div>\n\t\t\t\t<\/div>\n\t\t\t\t\t<\/div>\n\t\t<\/div>\n\t\t\t\t\t<\/div>\n\t\t<\/section>\n\t\t\t\t<div class=\"elementor-element elementor-element-65d260c elementor-invisible elementor-widget elementor-widget-text-editor\" data-id=\"65d260c\" data-element_type=\"widget\" data-settings=\"{&quot;_animation&quot;:&quot;fadeInRight&quot;}\" data-widget_type=\"text-editor.default\">\n\t\t\t\t<div class=\"elementor-widget-container\">\n\t\t\t\t\t\t\t\t\t<p>Se sei interessato scrivi a <a href=\"mailto:info@scopeltour.com\">gruppi@scopeltour.com<\/a>\u00a0e saremo lieti di realizzare un preventivo per la tua Scuola<\/p>\t\t\t\t\t\t\t\t<\/div>\n\t\t\t\t<\/div>\n\t\t\t\t\t<\/div>\n\t\t<\/div>\n\t\t\t\t\t<\/div>\n\t\t<\/section>\n\t\t\t\t<\/div>","protected":false},"excerpt":{"rendered":"<p>Legalit\u00e0: educare al Bene Quante volte abbiamo provato emozione profonda di fronte alle immagini di uomini e donne che hanno dato il loro tempo e la loro vita per combattere la mafia e l\u2019illegalit\u00e0 presente nelle nostre vite!In Sicilia tutto questo diventa esperienza profonda e tangibile. Il nostro percorso non sar\u00e0 solo un attraversare luoghi tristemente legati alla mafia, quasi fosse un modo per esorcizzare ci\u00f2 che \u00e8 accaduto, ma rappresenta una via possibile, attraverso la storia dei martiri della mafia e l\u2019incontro carnale con testimoni di oggi: uomini e donne che con la loro vita e la loro storia dimostrano quotidianamente che vivere l\u2019ordinario diventa straordinario quando si \u00e8 appassionati all\u2019uomo. Peppino Impastato, il Beato Padre Pino Puglisi, il Beato giudice Rosario Livatino con le loro storie, seppure cos\u00ec diverse tra loro, ci hanno lasciato questa eredit\u00e0. Viaggi d&#8217;istruzione con itinerari diversificati da 1 a 5 notti. Visiteremo i luoghi pi\u00f9 significativi ed incontreremo testimoni di vite straordinarie nella loro semplicit\u00e0. Palermo e Monreale, Agrigento e Canicatt\u00ec, Gibellina, Alcamo, Cinisi e la Riserva Naturale dello Zingaro.\u00a0 Per maggiori informazioni Contatti Se sei interessato scrivi a gruppi@scopeltour.com\u00a0e saremo lieti di realizzare un preventivo per la tua Scuola<\/p>","protected":false},"author":1,"featured_media":0,"parent":0,"menu_order":0,"comment_status":"closed","ping_status":"closed","template":"elementor_header_footer","meta":{"footnotes":""},"class_list":["post-474","page","type-page","status-publish","hentry"],"yoast_head":"<!-- This site is optimized with the Yoast SEO plugin v26.8 - https:\/\/yoast.com\/product\/yoast-seo-wordpress\/ -->\n<title>Percorsi didattici - Scopeltour<\/title>\n<meta name=\"description\" content=\"I percorsi tematici sono studiati al fine di arricchire le competenze professionalizzanti di ogni studente, mediante attivit\u00e0 coerenti con ...\" \/>\n<meta name=\"robots\" content=\"index, follow, max-snippet:-1, max-image-preview:large, max-video-preview:-1\" \/>\n<link rel=\"canonical\" href=\"https:\/\/scopeltour.com\/es\/percorsi-didattici\/\" \/>\n<meta property=\"og:locale\" content=\"es_ES\" \/>\n<meta property=\"og:type\" content=\"article\" \/>\n<meta property=\"og:title\" content=\"Percorsi didattici - Scopeltour\" \/>\n<meta property=\"og:description\" content=\"I percorsi tematici sono studiati al fine di arricchire le competenze professionalizzanti di ogni studente, mediante attivit\u00e0 coerenti con ...\" \/>\n<meta property=\"og:url\" content=\"https:\/\/scopeltour.com\/es\/percorsi-didattici\/\" \/>\n<meta property=\"og:site_name\" content=\"Scopeltour\" \/>\n<meta property=\"article:publisher\" content=\"https:\/\/www.facebook.com\/Scopeltour\/\" \/>\n<meta property=\"article:modified_time\" content=\"2024-03-15T18:05:19+00:00\" \/>\n<meta property=\"og:image\" content=\"https:\/\/scopeltour.com\/wp-content\/uploads\/2024\/03\/rossasera-e1710525463383-1024x840.jpg\" \/>\n<meta name=\"twitter:card\" content=\"summary_large_image\" \/>\n<meta name=\"twitter:label1\" content=\"Tiempo de lectura\" \/>\n\t<meta name=\"twitter:data1\" content=\"2 minutos\" \/>\n<script type=\"application\/ld+json\" class=\"yoast-schema-graph\">{\"@context\":\"https:\/\/schema.org\",\"@graph\":[{\"@type\":\"WebPage\",\"@id\":\"https:\/\/scopeltour.com\/percorsi-didattici\/\",\"url\":\"https:\/\/scopeltour.com\/percorsi-didattici\/\",\"name\":\"Percorsi didattici - Scopeltour\",\"isPartOf\":{\"@id\":\"https:\/\/scopeltour.com\/#website\"},\"primaryImageOfPage\":{\"@id\":\"https:\/\/scopeltour.com\/percorsi-didattici\/#primaryimage\"},\"image\":{\"@id\":\"https:\/\/scopeltour.com\/percorsi-didattici\/#primaryimage\"},\"thumbnailUrl\":\"https:\/\/scopeltour.com\/wp-content\/uploads\/2024\/03\/rossasera-e1710525463383-1024x840.jpg\",\"datePublished\":\"2023-02-03T01:05:45+00:00\",\"dateModified\":\"2024-03-15T18:05:19+00:00\",\"description\":\"I percorsi tematici sono studiati al fine di arricchire le competenze professionalizzanti di ogni studente, mediante attivit\u00e0 coerenti con ...\",\"breadcrumb\":{\"@id\":\"https:\/\/scopeltour.com\/percorsi-didattici\/#breadcrumb\"},\"inLanguage\":\"es\",\"potentialAction\":[{\"@type\":\"ReadAction\",\"target\":[\"https:\/\/scopeltour.com\/percorsi-didattici\/\"]}]},{\"@type\":\"ImageObject\",\"inLanguage\":\"es\",\"@id\":\"https:\/\/scopeltour.com\/percorsi-didattici\/#primaryimage\",\"url\":\"https:\/\/scopeltour.com\/wp-content\/uploads\/2024\/03\/rossasera-e1710525463383-1024x840.jpg\",\"contentUrl\":\"https:\/\/scopeltour.com\/wp-content\/uploads\/2024\/03\/rossasera-e1710525463383-1024x840.jpg\"},{\"@type\":\"BreadcrumbList\",\"@id\":\"https:\/\/scopeltour.com\/percorsi-didattici\/#breadcrumb\",\"itemListElement\":[{\"@type\":\"ListItem\",\"position\":1,\"name\":\"Home\",\"item\":\"https:\/\/scopeltour.com\/\"},{\"@type\":\"ListItem\",\"position\":2,\"name\":\"Percorsi didattici\"}]},{\"@type\":\"WebSite\",\"@id\":\"https:\/\/scopeltour.com\/#website\",\"url\":\"https:\/\/scopeltour.com\/\",\"name\":\"Scopeltour\",\"description\":\"Viaggi\",\"publisher\":{\"@id\":\"https:\/\/scopeltour.com\/#organization\"},\"potentialAction\":[{\"@type\":\"SearchAction\",\"target\":{\"@type\":\"EntryPoint\",\"urlTemplate\":\"https:\/\/scopeltour.com\/?s={search_term_string}\"},\"query-input\":{\"@type\":\"PropertyValueSpecification\",\"valueRequired\":true,\"valueName\":\"search_term_string\"}}],\"inLanguage\":\"es\"},{\"@type\":\"Organization\",\"@id\":\"https:\/\/scopeltour.com\/#organization\",\"name\":\"Scopeltour\",\"url\":\"https:\/\/scopeltour.com\/\",\"logo\":{\"@type\":\"ImageObject\",\"inLanguage\":\"es\",\"@id\":\"https:\/\/scopeltour.com\/#\/schema\/logo\/image\/\",\"url\":\"https:\/\/scopeltour.com\/wp-content\/uploads\/2023\/02\/cropped-logo_bianco-1.png\",\"contentUrl\":\"https:\/\/scopeltour.com\/wp-content\/uploads\/2023\/02\/cropped-logo_bianco-1.png\",\"width\":240,\"height\":83,\"caption\":\"Scopeltour\"},\"image\":{\"@id\":\"https:\/\/scopeltour.com\/#\/schema\/logo\/image\/\"},\"sameAs\":[\"https:\/\/www.facebook.com\/Scopeltour\/\",\"https:\/\/www.instagram.com\/scopeltourviaggi\/\",\"https:\/\/www.pinterest.it\/scopeltourviaggi\/\"]}]}<\/script>\n<!-- \/ Yoast SEO plugin. -->","yoast_head_json":{"title":"Percorsi didattici - Scopeltour","description":"I percorsi tematici sono studiati al fine di arricchire le competenze professionalizzanti di ogni studente, mediante attivit\u00e0 coerenti con ...","robots":{"index":"index","follow":"follow","max-snippet":"max-snippet:-1","max-image-preview":"max-image-preview:large","max-video-preview":"max-video-preview:-1"},"canonical":"https:\/\/scopeltour.com\/es\/percorsi-didattici\/","og_locale":"es_ES","og_type":"article","og_title":"Percorsi didattici - Scopeltour","og_description":"I percorsi tematici sono studiati al fine di arricchire le competenze professionalizzanti di ogni studente, mediante attivit\u00e0 coerenti con ...","og_url":"https:\/\/scopeltour.com\/es\/percorsi-didattici\/","og_site_name":"Scopeltour","article_publisher":"https:\/\/www.facebook.com\/Scopeltour\/","article_modified_time":"2024-03-15T18:05:19+00:00","og_image":[{"url":"https:\/\/scopeltour.com\/wp-content\/uploads\/2024\/03\/rossasera-e1710525463383-1024x840.jpg","type":"","width":"","height":""}],"twitter_card":"summary_large_image","twitter_misc":{"Tiempo de lectura":"2 minutos"},"schema":{"@context":"https:\/\/schema.org","@graph":[{"@type":"WebPage","@id":"https:\/\/scopeltour.com\/percorsi-didattici\/","url":"https:\/\/scopeltour.com\/percorsi-didattici\/","name":"Percorsi didattici - Scopeltour","isPartOf":{"@id":"https:\/\/scopeltour.com\/#website"},"primaryImageOfPage":{"@id":"https:\/\/scopeltour.com\/percorsi-didattici\/#primaryimage"},"image":{"@id":"https:\/\/scopeltour.com\/percorsi-didattici\/#primaryimage"},"thumbnailUrl":"https:\/\/scopeltour.com\/wp-content\/uploads\/2024\/03\/rossasera-e1710525463383-1024x840.jpg","datePublished":"2023-02-03T01:05:45+00:00","dateModified":"2024-03-15T18:05:19+00:00","description":"I percorsi tematici sono studiati al fine di arricchire le competenze professionalizzanti di ogni studente, mediante attivit\u00e0 coerenti con ...","breadcrumb":{"@id":"https:\/\/scopeltour.com\/percorsi-didattici\/#breadcrumb"},"inLanguage":"es","potentialAction":[{"@type":"ReadAction","target":["https:\/\/scopeltour.com\/percorsi-didattici\/"]}]},{"@type":"ImageObject","inLanguage":"es","@id":"https:\/\/scopeltour.com\/percorsi-didattici\/#primaryimage","url":"https:\/\/scopeltour.com\/wp-content\/uploads\/2024\/03\/rossasera-e1710525463383-1024x840.jpg","contentUrl":"https:\/\/scopeltour.com\/wp-content\/uploads\/2024\/03\/rossasera-e1710525463383-1024x840.jpg"},{"@type":"BreadcrumbList","@id":"https:\/\/scopeltour.com\/percorsi-didattici\/#breadcrumb","itemListElement":[{"@type":"ListItem","position":1,"name":"Home","item":"https:\/\/scopeltour.com\/"},{"@type":"ListItem","position":2,"name":"Percorsi didattici"}]},{"@type":"WebSite","@id":"https:\/\/scopeltour.com\/#website","url":"https:\/\/scopeltour.com\/","name":"Scopeltour","description":"Viaggi","publisher":{"@id":"https:\/\/scopeltour.com\/#organization"},"potentialAction":[{"@type":"SearchAction","target":{"@type":"EntryPoint","urlTemplate":"https:\/\/scopeltour.com\/?s={search_term_string}"},"query-input":{"@type":"PropertyValueSpecification","valueRequired":true,"valueName":"search_term_string"}}],"inLanguage":"es"},{"@type":"Organization","@id":"https:\/\/scopeltour.com\/#organization","name":"Scopeltour","url":"https:\/\/scopeltour.com\/","logo":{"@type":"ImageObject","inLanguage":"es","@id":"https:\/\/scopeltour.com\/#\/schema\/logo\/image\/","url":"https:\/\/scopeltour.com\/wp-content\/uploads\/2023\/02\/cropped-logo_bianco-1.png","contentUrl":"https:\/\/scopeltour.com\/wp-content\/uploads\/2023\/02\/cropped-logo_bianco-1.png","width":240,"height":83,"caption":"Scopeltour"},"image":{"@id":"https:\/\/scopeltour.com\/#\/schema\/logo\/image\/"},"sameAs":["https:\/\/www.facebook.com\/Scopeltour\/","https:\/\/www.instagram.com\/scopeltourviaggi\/","https:\/\/www.pinterest.it\/scopeltourviaggi\/"]}]}},"_links":{"self":[{"href":"https:\/\/scopeltour.com\/es\/wp-json\/wp\/v2\/pages\/474","targetHints":{"allow":["GET"]}}],"collection":[{"href":"https:\/\/scopeltour.com\/es\/wp-json\/wp\/v2\/pages"}],"about":[{"href":"https:\/\/scopeltour.com\/es\/wp-json\/wp\/v2\/types\/page"}],"author":[{"embeddable":true,"href":"https:\/\/scopeltour.com\/es\/wp-json\/wp\/v2\/users\/1"}],"replies":[{"embeddable":true,"href":"https:\/\/scopeltour.com\/es\/wp-json\/wp\/v2\/comments?post=474"}],"version-history":[{"count":26,"href":"https:\/\/scopeltour.com\/es\/wp-json\/wp\/v2\/pages\/474\/revisions"}],"predecessor-version":[{"id":3761,"href":"https:\/\/scopeltour.com\/es\/wp-json\/wp\/v2\/pages\/474\/revisions\/3761"}],"wp:attachment":[{"href":"https:\/\/scopeltour.com\/es\/wp-json\/wp\/v2\/media?parent=474"}],"curies":[{"name":"wp","href":"https:\/\/api.w.org\/{rel}","templated":true}]}}