{"id":24,"date":"2023-02-02T01:28:17","date_gmt":"2023-02-02T00:28:17","guid":{"rendered":"https:\/\/scopeltour.ceformedsrl.it\/?page_id=24"},"modified":"2025-01-14T20:28:02","modified_gmt":"2025-01-14T19:28:02","slug":"dicono-di-noi","status":"publish","type":"page","link":"https:\/\/scopeltour.com\/de\/dicono-di-noi\/","title":{"rendered":"\u00dcber uns"},"content":{"rendered":"<div data-elementor-type=\"wp-page\" data-elementor-id=\"24\" class=\"elementor elementor-24\">\n\t\t\t\t\t\t<section class=\"elementor-section elementor-top-section elementor-element elementor-element-8c129ad elementor-section-boxed elementor-section-height-default elementor-section-height-default wpr-particle-no wpr-jarallax-no wpr-parallax-no wpr-sticky-section-no\" data-id=\"8c129ad\" data-element_type=\"section\" data-settings=\"{&quot;background_background&quot;:&quot;classic&quot;}\">\n\t\t\t\t\t\t<div class=\"elementor-container elementor-column-gap-default\">\n\t\t\t\t\t<div class=\"elementor-column elementor-col-100 elementor-top-column elementor-element elementor-element-bce60cb\" data-id=\"bce60cb\" data-element_type=\"column\">\n\t\t\t<div class=\"elementor-widget-wrap elementor-element-populated\">\n\t\t\t\t\t\t<div class=\"elementor-element elementor-element-e535b9a elementor-widget elementor-widget-heading\" data-id=\"e535b9a\" data-element_type=\"widget\" data-widget_type=\"heading.default\">\n\t\t\t\t<div class=\"elementor-widget-container\">\n\t\t\t\t\t<h2 class=\"elementor-heading-title elementor-size-default\">\u00dcber uns<\/h2>\t\t\t\t<\/div>\n\t\t\t\t<\/div>\n\t\t\t\t<div class=\"elementor-element elementor-element-fb5c20a elementor-widget elementor-widget-text-editor\" data-id=\"fb5c20a\" data-element_type=\"widget\" data-widget_type=\"text-editor.default\">\n\t\t\t\t<div class=\"elementor-widget-container\">\n\t\t\t\t\t\t\t\t\t<p>Es gibt keine gr\u00f6\u00dfere Zufriedenheit, als unser Engagement und unsere Leidenschaft in den Ergebnissen zu sehen, die wir erzielen. Jedes Dankesch\u00f6n, das wir von Schulleitern und Lehrern am Ende jeder Studienreise erhalten, ist eine Anerkennung, die uns mit Stolz und Dankbarkeit erf\u00fcllt.<\/p><p>Auf dieser Seite haben wir ihre Zeugnisse gesammelt, um unsere Wertsch\u00e4tzung f\u00fcr das Vertrauen, das sie uns entgegenbringen, auszudr\u00fccken. Jedes Wort motiviert uns, weiterhin einzigartige und qualitativ hochwertige Erlebnisse anzubieten, immer im Einklang mit den h\u00f6chsten Standards.<\/p>\t\t\t\t\t\t\t\t<\/div>\n\t\t\t\t<\/div>\n\t\t\t\t\t<\/div>\n\t\t<\/div>\n\t\t\t\t\t<\/div>\n\t\t<\/section>\n\t\t\t\t<\/div>","protected":false},"excerpt":{"rendered":"<p>Dicono di noi Non c&#8217;\u00e8 soddisfazione pi\u00f9 grande che vedere il nostro impegno e la nostra passione riflessi nei risultati che otteniamo. Ogni lettera di ringraziamento che riceviamo da Dirigenti scolastici e docenti, al termine di ogni viaggio di istruzione, \u00e8 per noi un riconoscimento che ci riempie di orgoglio e gratitudine. In questa pagina, abbiamo raccolto le loro testimonianze come segno di riconoscenza per la fiducia che ci accordano. Ogni parola ci motiva a continuare a offrire esperienze uniche e di qualit\u00e0, sempre nel rispetto dei pi\u00f9 alti standard. Ist. per il Cinema e Spettacolo \u201cFellini\u201d \u2013 Torino, 17\/04\/2018 Ist. per il Cinema e Spettacolo \u201cFellini\u201d \u2013 Torino, 17\/04\/2018 Non \u00e8 mai facile organizzare un viaggio di istruzione, tanto&hellip; Leggi tutto Scuola Media Parsifal, Lugano 28\/05\/2018 Scuola Media Parsifal, Lugano 27\/05\/2019 La Sicilia non finisce mai di stupirci! Per il terzo anno consecutivo con gli alunni&hellip; Leggi tutto H\u00f6lderlin Gymnasium Heidelberg, 23\/09\/2019 H\u00f6lderlin Gymnasium Heidelberg, 23\/09\/2019 Relazione degli studenti Sicilia: senza dubbio il viaggio migliore 21 alunni (ancora) ignari (\u201eFans della Sicilia\u201c&hellip; Leggi tutto Liceo Scientifico Paritario \u201cSan Celso\u201d \u2013 Milano, 02\/03\/2012 Liceo Scientifico Paritario \u201cSan Celso\u201d \u2013 Milano, 02\/03\/2012 Molte le qualit\u00e0 di cui il nostro Istituto si \u00e8 potuto giovare&hellip; Leggi tutto Viaggi di istruzione DISAL \u2013 25\/02\/2011 Viaggi di istruzione DISAL \u2013 25\/02\/2011 Cosa rende un viaggio di istruzione unico, irrinunciabile? S\u00ec, certamente i compagni di classe,&hellip; Leggi tutto Istituto Comprensivo \u201cDon Lorenzo Milani\u201d \u2013 Aquileia, 14\/04\/2014 Istituto Comprensivo \u201cDon Lorenzo Milani\u201d \u2013 Aquileia, 14\/04\/2014 La presente per esprimere la nostra piena soddisfazione per il servizio fornitoci&hellip; Leggi tutto Scuola Secondaria \u201cLuigi Cap\u00e8\u201d \u2013 Sesto Calende, 30\/03\/2015 Scuola Secondaria \u201cLuigi Cap\u00e8\u201d \u2013 Sesto Calende, 30\/03\/2015 Con piacere invio il nostro apprezzamento per il viaggio di istruzione che&hellip; Leggi tutto Istituti paritari \u201cOlga Fiorini \u2013 Marco Pantani\u201d \u2013 Busto Arsizio, 16\/04\/2014 Istituti paritari \u201cOlga Fiorini \u2013 Marco Pantani\u201d \u2013 Busto Arsizio, 16\/04\/2014 Carissima Laura, innanzitutto grazie. Grazie per aver organizzato questo&hellip; Leggi tutto Liceo Scientifico Statale \u201cNiccol\u00f2 Copernico\u201d \u2013 Pavia, 29\/04\/2015 Liceo Scientifico Statale \u201cNiccol\u00f2 Copernico\u201d \u2013 Pavia, 29\/04\/2015 Il viaggio di istruzione, a cui hanno partecipato le classi V A&hellip; Leggi tutto Liceo Scientifico Statale \u201cM. Curie\u201d \u2013 Pinerolo, 04\/05\/2015 Liceo Scientifico Statale \u201cM. Curie\u201d \u2013 Pinerolo, 04\/05\/2015 In risposta alla vostra richiesta, scriviamo volentieri una recensione sul viaggio di&hellip; Leggi tutto Istituto Comprensivo \u201cFagnani\u201d \u2013 Senigallia, 26\/05\/2015 Istituto Comprensivo \u201cFagnani\u201d \u2013 Senigallia, 26\/05\/2015 In riferimento alla Sua richiesta del 18\/05\/2015 intesa ad ottenere da questa scuola una&hellip; Leggi tutto Istituto paritario \u201cGiacomo Leopardi\u201d \u2013 Lecco, 07\/03\/2011 Istituto paritario \u201cGiacomo Leopardi\u201d \u2013 Lecco, 07\/03\/2011 \u201cCosa si aspetta un dirigente scolastico da una gita scolastica (Viaggio di istruzione)?&hellip; Leggi tutto<\/p>","protected":false},"author":1,"featured_media":0,"parent":0,"menu_order":0,"comment_status":"closed","ping_status":"closed","template":"elementor_header_footer","meta":{"footnotes":""},"class_list":["post-24","page","type-page","status-publish","hentry"],"yoast_head":"<!-- This site is optimized with the Yoast SEO plugin v26.8 - https:\/\/yoast.com\/product\/yoast-seo-wordpress\/ -->\n<title>Dicono di noi - Recensioni Scopeltour<\/title>\n<meta name=\"description\" content=\"Non c\u2019\u00e8 niente di pi\u00f9 gratificante di quando nel fare con passione e nel migliore dei modi il proprio lavoro, i risultati arrivano tramite ...\" \/>\n<meta name=\"robots\" content=\"index, follow, max-snippet:-1, max-image-preview:large, max-video-preview:-1\" \/>\n<link rel=\"canonical\" href=\"https:\/\/scopeltour.com\/de\/dicono-di-noi\/\" \/>\n<meta property=\"og:locale\" content=\"de_DE\" \/>\n<meta property=\"og:type\" content=\"article\" \/>\n<meta property=\"og:title\" content=\"Dicono di noi - Recensioni Scopeltour\" \/>\n<meta property=\"og:description\" content=\"Non c\u2019\u00e8 niente di pi\u00f9 gratificante di quando nel fare con passione e nel migliore dei modi il proprio lavoro, i risultati arrivano tramite ...\" \/>\n<meta property=\"og:url\" content=\"https:\/\/scopeltour.com\/de\/dicono-di-noi\/\" \/>\n<meta property=\"og:site_name\" content=\"Scopeltour\" \/>\n<meta property=\"article:publisher\" content=\"https:\/\/www.facebook.com\/Scopeltour\/\" \/>\n<meta property=\"article:modified_time\" content=\"2025-01-14T19:28:02+00:00\" \/>\n<meta name=\"twitter:card\" content=\"summary_large_image\" \/>\n<meta name=\"twitter:label1\" content=\"Gesch\u00e4tzte Lesezeit\" \/>\n\t<meta name=\"twitter:data1\" content=\"3\u00a0Minuten\" \/>\n<script type=\"application\/ld+json\" class=\"yoast-schema-graph\">{\"@context\":\"https:\/\/schema.org\",\"@graph\":[{\"@type\":\"WebPage\",\"@id\":\"https:\/\/scopeltour.com\/dicono-di-noi\/\",\"url\":\"https:\/\/scopeltour.com\/dicono-di-noi\/\",\"name\":\"Dicono di noi - Recensioni Scopeltour\",\"isPartOf\":{\"@id\":\"https:\/\/scopeltour.com\/#website\"},\"datePublished\":\"2023-02-02T00:28:17+00:00\",\"dateModified\":\"2025-01-14T19:28:02+00:00\",\"description\":\"Non c\u2019\u00e8 niente di pi\u00f9 gratificante di quando nel fare con passione e nel migliore dei modi il proprio lavoro, i risultati arrivano tramite ...\",\"breadcrumb\":{\"@id\":\"https:\/\/scopeltour.com\/dicono-di-noi\/#breadcrumb\"},\"inLanguage\":\"de\",\"potentialAction\":[{\"@type\":\"ReadAction\",\"target\":[\"https:\/\/scopeltour.com\/dicono-di-noi\/\"]}]},{\"@type\":\"BreadcrumbList\",\"@id\":\"https:\/\/scopeltour.com\/dicono-di-noi\/#breadcrumb\",\"itemListElement\":[{\"@type\":\"ListItem\",\"position\":1,\"name\":\"Home\",\"item\":\"https:\/\/scopeltour.com\/\"},{\"@type\":\"ListItem\",\"position\":2,\"name\":\"Dicono di noi\"}]},{\"@type\":\"WebSite\",\"@id\":\"https:\/\/scopeltour.com\/#website\",\"url\":\"https:\/\/scopeltour.com\/\",\"name\":\"Scopeltour\",\"description\":\"Viaggi\",\"publisher\":{\"@id\":\"https:\/\/scopeltour.com\/#organization\"},\"potentialAction\":[{\"@type\":\"SearchAction\",\"target\":{\"@type\":\"EntryPoint\",\"urlTemplate\":\"https:\/\/scopeltour.com\/?s={search_term_string}\"},\"query-input\":{\"@type\":\"PropertyValueSpecification\",\"valueRequired\":true,\"valueName\":\"search_term_string\"}}],\"inLanguage\":\"de\"},{\"@type\":\"Organization\",\"@id\":\"https:\/\/scopeltour.com\/#organization\",\"name\":\"Scopeltour\",\"url\":\"https:\/\/scopeltour.com\/\",\"logo\":{\"@type\":\"ImageObject\",\"inLanguage\":\"de\",\"@id\":\"https:\/\/scopeltour.com\/#\/schema\/logo\/image\/\",\"url\":\"https:\/\/scopeltour.com\/wp-content\/uploads\/2023\/02\/cropped-logo_bianco-1.png\",\"contentUrl\":\"https:\/\/scopeltour.com\/wp-content\/uploads\/2023\/02\/cropped-logo_bianco-1.png\",\"width\":240,\"height\":83,\"caption\":\"Scopeltour\"},\"image\":{\"@id\":\"https:\/\/scopeltour.com\/#\/schema\/logo\/image\/\"},\"sameAs\":[\"https:\/\/www.facebook.com\/Scopeltour\/\",\"https:\/\/www.instagram.com\/scopeltourviaggi\/\",\"https:\/\/www.pinterest.it\/scopeltourviaggi\/\"]}]}<\/script>\n<!-- \/ Yoast SEO plugin. -->","yoast_head_json":{"title":"Dicono di noi - Recensioni Scopeltour","description":"Non c\u2019\u00e8 niente di pi\u00f9 gratificante di quando nel fare con passione e nel migliore dei modi il proprio lavoro, i risultati arrivano tramite ...","robots":{"index":"index","follow":"follow","max-snippet":"max-snippet:-1","max-image-preview":"max-image-preview:large","max-video-preview":"max-video-preview:-1"},"canonical":"https:\/\/scopeltour.com\/de\/dicono-di-noi\/","og_locale":"de_DE","og_type":"article","og_title":"Dicono di noi - Recensioni Scopeltour","og_description":"Non c\u2019\u00e8 niente di pi\u00f9 gratificante di quando nel fare con passione e nel migliore dei modi il proprio lavoro, i risultati arrivano tramite ...","og_url":"https:\/\/scopeltour.com\/de\/dicono-di-noi\/","og_site_name":"Scopeltour","article_publisher":"https:\/\/www.facebook.com\/Scopeltour\/","article_modified_time":"2025-01-14T19:28:02+00:00","twitter_card":"summary_large_image","twitter_misc":{"Gesch\u00e4tzte Lesezeit":"3\u00a0Minuten"},"schema":{"@context":"https:\/\/schema.org","@graph":[{"@type":"WebPage","@id":"https:\/\/scopeltour.com\/dicono-di-noi\/","url":"https:\/\/scopeltour.com\/dicono-di-noi\/","name":"Dicono di noi - Recensioni Scopeltour","isPartOf":{"@id":"https:\/\/scopeltour.com\/#website"},"datePublished":"2023-02-02T00:28:17+00:00","dateModified":"2025-01-14T19:28:02+00:00","description":"Non c\u2019\u00e8 niente di pi\u00f9 gratificante di quando nel fare con passione e nel migliore dei modi il proprio lavoro, i risultati arrivano tramite ...","breadcrumb":{"@id":"https:\/\/scopeltour.com\/dicono-di-noi\/#breadcrumb"},"inLanguage":"de","potentialAction":[{"@type":"ReadAction","target":["https:\/\/scopeltour.com\/dicono-di-noi\/"]}]},{"@type":"BreadcrumbList","@id":"https:\/\/scopeltour.com\/dicono-di-noi\/#breadcrumb","itemListElement":[{"@type":"ListItem","position":1,"name":"Home","item":"https:\/\/scopeltour.com\/"},{"@type":"ListItem","position":2,"name":"Dicono di noi"}]},{"@type":"WebSite","@id":"https:\/\/scopeltour.com\/#website","url":"https:\/\/scopeltour.com\/","name":"Scopeltour","description":"Viaggi","publisher":{"@id":"https:\/\/scopeltour.com\/#organization"},"potentialAction":[{"@type":"SearchAction","target":{"@type":"EntryPoint","urlTemplate":"https:\/\/scopeltour.com\/?s={search_term_string}"},"query-input":{"@type":"PropertyValueSpecification","valueRequired":true,"valueName":"search_term_string"}}],"inLanguage":"de"},{"@type":"Organization","@id":"https:\/\/scopeltour.com\/#organization","name":"Scopeltour","url":"https:\/\/scopeltour.com\/","logo":{"@type":"ImageObject","inLanguage":"de","@id":"https:\/\/scopeltour.com\/#\/schema\/logo\/image\/","url":"https:\/\/scopeltour.com\/wp-content\/uploads\/2023\/02\/cropped-logo_bianco-1.png","contentUrl":"https:\/\/scopeltour.com\/wp-content\/uploads\/2023\/02\/cropped-logo_bianco-1.png","width":240,"height":83,"caption":"Scopeltour"},"image":{"@id":"https:\/\/scopeltour.com\/#\/schema\/logo\/image\/"},"sameAs":["https:\/\/www.facebook.com\/Scopeltour\/","https:\/\/www.instagram.com\/scopeltourviaggi\/","https:\/\/www.pinterest.it\/scopeltourviaggi\/"]}]}},"_links":{"self":[{"href":"https:\/\/scopeltour.com\/de\/wp-json\/wp\/v2\/pages\/24","targetHints":{"allow":["GET"]}}],"collection":[{"href":"https:\/\/scopeltour.com\/de\/wp-json\/wp\/v2\/pages"}],"about":[{"href":"https:\/\/scopeltour.com\/de\/wp-json\/wp\/v2\/types\/page"}],"author":[{"embeddable":true,"href":"https:\/\/scopeltour.com\/de\/wp-json\/wp\/v2\/users\/1"}],"replies":[{"embeddable":true,"href":"https:\/\/scopeltour.com\/de\/wp-json\/wp\/v2\/comments?post=24"}],"version-history":[{"count":20,"href":"https:\/\/scopeltour.com\/de\/wp-json\/wp\/v2\/pages\/24\/revisions"}],"predecessor-version":[{"id":5052,"href":"https:\/\/scopeltour.com\/de\/wp-json\/wp\/v2\/pages\/24\/revisions\/5052"}],"wp:attachment":[{"href":"https:\/\/scopeltour.com\/de\/wp-json\/wp\/v2\/media?parent=24"}],"curies":[{"name":"wp","href":"https:\/\/api.w.org\/{rel}","templated":true}]}}