{"id":21,"date":"2023-02-02T01:28:17","date_gmt":"2023-02-02T00:28:17","guid":{"rendered":"https:\/\/scopeltour.ceformedsrl.it\/?page_id=21"},"modified":"2026-03-21T17:47:48","modified_gmt":"2026-03-21T16:47:48","slug":"transfer-2","status":"publish","type":"page","link":"https:\/\/scopeltour.com\/de\/transfer-2\/","title":{"rendered":"\u00dcberweisungen"},"content":{"rendered":"<div data-elementor-type=\"wp-page\" data-elementor-id=\"21\" class=\"elementor elementor-21\">\n\t\t\t\t\t\t<section class=\"elementor-section elementor-top-section elementor-element elementor-element-70e1685 elementor-section-boxed elementor-section-height-default elementor-section-height-default wpr-particle-no wpr-jarallax-no wpr-parallax-no wpr-sticky-section-no\" data-id=\"70e1685\" data-element_type=\"section\" data-settings=\"{&quot;background_background&quot;:&quot;classic&quot;}\">\n\t\t\t\t\t\t<div class=\"elementor-container elementor-column-gap-default\">\n\t\t\t\t\t<div class=\"elementor-column elementor-col-50 elementor-top-column elementor-element elementor-element-b7874da\" data-id=\"b7874da\" data-element_type=\"column\">\n\t\t\t<div class=\"elementor-widget-wrap elementor-element-populated\">\n\t\t\t\t\t\t<div class=\"elementor-element elementor-element-0ca0a1b elementor-widget elementor-widget-heading\" data-id=\"0ca0a1b\" data-element_type=\"widget\" data-widget_type=\"heading.default\">\n\t\t\t\t<div class=\"elementor-widget-container\">\n\t\t\t\t\t<h2 class=\"elementor-heading-title elementor-size-default\">\u00dcberweisungen<\/h2>\t\t\t\t<\/div>\n\t\t\t\t<\/div>\n\t\t\t\t<div class=\"elementor-element elementor-element-7f06c1f elementor-invisible elementor-widget elementor-widget-text-editor\" data-id=\"7f06c1f\" data-element_type=\"widget\" data-settings=\"{&quot;_animation&quot;:&quot;fadeInLeft&quot;}\" data-widget_type=\"text-editor.default\">\n\t\t\t\t<div class=\"elementor-widget-container\">\n\t\t\t\t\t\t\t\t\t<p><strong>Privater Transferservice in Sizilien: Flugh\u00e4fen Palermo und Trapani<\/strong><\/p><p data-path-to-node=\"9,1\"><i data-path-to-node=\"9,1\" data-index-in-node=\"0\">Suchen Sie nach einem komfortablen und sicheren Weg, um Ihr Ziel zu erreichen?<\/i><\/p><p data-path-to-node=\"9,2\">Seit \u00fcber 25 Jahren ist Scopeltour der Bezugspunkt f\u00fcr private Transfers in Westsizilien. Wir sind spezialisiert auf Verbindungen von den Flugh\u00e4fen Falcone-Borsellino (Palermo PMO) und Birgi (Trapani TPS) zu den sch\u00f6nsten K\u00fcstenorten.<\/p><p data-path-to-node=\"9,3\"><b data-path-to-node=\"9,3\" data-index-in-node=\"0\">Unsere Hauptstrecken:<\/b><\/p><ul data-path-to-node=\"9,4\"><li><p data-path-to-node=\"9,4,0,0\">Transfer Flughafen Palermo und Trapani \u2b62 Castellammare del Golfo und Scopello<\/p><\/li><li><p data-path-to-node=\"9,4,1,0\">Transfer Flughafen Palermo \u2b62 San Vito Lo Capo<\/p><\/li><li><p data-path-to-node=\"9,4,2,0\">Verbindungen nach Erice, Segesta, San Vito Lo Capo und zu den \u00c4gadischen Inseln (Hafen von Trapani)<\/p><\/li><li><p data-path-to-node=\"9,4,3,0\">Private Taxidienste f\u00fcr Hotels, Villen und Yachth\u00e4fen.<\/p><\/li><\/ul>\t\t\t\t\t\t\t\t<\/div>\n\t\t\t\t<\/div>\n\t\t\t\t\t<\/div>\n\t\t<\/div>\n\t\t\t\t<div class=\"elementor-column elementor-col-50 elementor-top-column elementor-element elementor-element-1e9304a elementor-hidden-mobile elementor-invisible\" data-id=\"1e9304a\" data-element_type=\"column\" data-settings=\"{&quot;background_background&quot;:&quot;slideshow&quot;,&quot;animation&quot;:&quot;fadeInRight&quot;,&quot;background_slideshow_gallery&quot;:[{&quot;id&quot;:&quot;860&quot;,&quot;url&quot;:&quot;https:\\\/\\\/scopeltour.com\\\/wp-content\\\/uploads\\\/2023\\\/02\\\/s-3.jpg&quot;},{&quot;id&quot;:&quot;861&quot;,&quot;url&quot;:&quot;https:\\\/\\\/scopeltour.com\\\/wp-content\\\/uploads\\\/2023\\\/02\\\/s-1.jpg&quot;},{&quot;id&quot;:&quot;862&quot;,&quot;url&quot;:&quot;https:\\\/\\\/scopeltour.com\\\/wp-content\\\/uploads\\\/2023\\\/02\\\/s-2.jpg&quot;}],&quot;background_slideshow_loop&quot;:&quot;yes&quot;,&quot;background_slideshow_slide_duration&quot;:5000,&quot;background_slideshow_slide_transition&quot;:&quot;fade&quot;,&quot;background_slideshow_transition_duration&quot;:500}\">\n\t\t\t<div class=\"elementor-widget-wrap\">\n\t\t\t\t\t\t\t<\/div>\n\t\t<\/div>\n\t\t\t\t\t<\/div>\n\t\t<\/section>\n\t\t\t\t<section class=\"elementor-section elementor-top-section elementor-element elementor-element-acaaaaa elementor-section-boxed elementor-section-height-default elementor-section-height-default wpr-particle-no wpr-jarallax-no wpr-parallax-no wpr-sticky-section-no\" data-id=\"acaaaaa\" data-element_type=\"section\" data-settings=\"{&quot;background_background&quot;:&quot;classic&quot;}\">\n\t\t\t\t\t\t<div class=\"elementor-container elementor-column-gap-default\">\n\t\t\t\t\t<div class=\"elementor-column elementor-col-100 elementor-top-column elementor-element elementor-element-8b72191\" data-id=\"8b72191\" data-element_type=\"column\">\n\t\t\t<div class=\"elementor-widget-wrap elementor-element-populated\">\n\t\t\t\t\t\t<section class=\"elementor-section elementor-inner-section elementor-element elementor-element-0ab06c5 elementor-section-boxed elementor-section-height-default elementor-section-height-default wpr-particle-no wpr-jarallax-no wpr-parallax-no wpr-sticky-section-no elementor-invisible\" data-id=\"0ab06c5\" data-element_type=\"section\" data-settings=\"{&quot;background_background&quot;:&quot;classic&quot;,&quot;animation&quot;:&quot;fadeInLeft&quot;,&quot;animation_delay&quot;:&quot;1000&quot;}\">\n\t\t\t\t\t\t<div class=\"elementor-container elementor-column-gap-default\">\n\t\t\t\t\t<div class=\"elementor-column elementor-col-50 elementor-inner-column elementor-element elementor-element-cd6d669\" data-id=\"cd6d669\" data-element_type=\"column\">\n\t\t\t<div class=\"elementor-widget-wrap elementor-element-populated\">\n\t\t\t\t\t\t<div class=\"elementor-element elementor-element-62261d4 elementor-position-inline-start elementor-view-default elementor-mobile-position-block-start elementor-widget elementor-widget-icon-box\" data-id=\"62261d4\" data-element_type=\"widget\" data-widget_type=\"icon-box.default\">\n\t\t\t\t<div class=\"elementor-widget-container\">\n\t\t\t\t\t\t\t<div class=\"elementor-icon-box-wrapper\">\n\n\t\t\t\t\t\t<div class=\"elementor-icon-box-icon\">\n\t\t\t\t<a href=\"https:\/\/scopeltour.com\/de\/transfer\/\" class=\"elementor-icon\" tabindex=\"-1\" aria-label=\"Buche deinen Transfer\">\n\t\t\t\t<svg aria-hidden=\"true\" class=\"e-font-icon-svg e-fas-bus\" viewbox=\"0 0 512 512\" xmlns=\"http:\/\/www.w3.org\/2000\/svg\"><path d=\"M488 128h-8V80c0-44.8-99.2-80-224-80S32 35.2 32 80v48h-8c-13.25 0-24 10.74-24 24v80c0 13.25 10.75 24 24 24h8v160c0 17.67 14.33 32 32 32v32c0 17.67 14.33 32 32 32h32c17.67 0 32-14.33 32-32v-32h192v32c0 17.67 14.33 32 32 32h32c17.67 0 32-14.33 32-32v-32h6.4c16 0 25.6-12.8 25.6-25.6V256h8c13.25 0 24-10.75 24-24v-80c0-13.26-10.75-24-24-24zM112 400c-17.67 0-32-14.33-32-32s14.33-32 32-32 32 14.33 32 32-14.33 32-32 32zm16-112c-17.67 0-32-14.33-32-32V128c0-17.67 14.33-32 32-32h256c17.67 0 32 14.33 32 32v128c0 17.67-14.33 32-32 32H128zm272 112c-17.67 0-32-14.33-32-32s14.33-32 32-32 32 14.33 32 32-14.33 32-32 32z\"><\/path><\/svg>\t\t\t\t<\/a>\n\t\t\t<\/div>\n\t\t\t\n\t\t\t\t\t\t<div class=\"elementor-icon-box-content\">\n\n\t\t\t\t\t\t\t\t\t<h3 class=\"elementor-icon-box-title\">\n\t\t\t\t\t\t<a href=\"https:\/\/scopeltour.com\/de\/transfer\/\" >\n\t\t\t\t\t\t\tBuche deinen Transfer\t\t\t\t\t\t<\/a>\n\t\t\t\t\t<\/h3>\n\t\t\t\t\n\t\t\t\t\t\t\t\t\t<p class=\"elementor-icon-box-description\">\n\t\t\t\t\t\tTransfer privati da Castellammare del golfo - Scopello per aeroporti, porti e hotel in tutta la Sicilia.\t\t\t\t\t<\/p>\n\t\t\t\t\n\t\t\t<\/div>\n\t\t\t\n\t\t<\/div>\n\t\t\t\t\t\t<\/div>\n\t\t\t\t<\/div>\n\t\t\t\t\t<\/div>\n\t\t<\/div>\n\t\t\t\t<div class=\"elementor-column elementor-col-50 elementor-inner-column elementor-element elementor-element-0880134\" data-id=\"0880134\" data-element_type=\"column\">\n\t\t\t<div class=\"elementor-widget-wrap elementor-element-populated\">\n\t\t\t\t\t\t<div class=\"elementor-element elementor-element-e58d271 elementor-align-center e-transform elementor-widget elementor-widget-button\" data-id=\"e58d271\" data-element_type=\"widget\" data-settings=\"{&quot;_transform_scale_effect_hover&quot;:{&quot;unit&quot;:&quot;px&quot;,&quot;size&quot;:&quot;0.98&quot;,&quot;sizes&quot;:[]},&quot;_transform_scale_effect_hover_tablet&quot;:{&quot;unit&quot;:&quot;px&quot;,&quot;size&quot;:&quot;&quot;,&quot;sizes&quot;:[]},&quot;_transform_scale_effect_hover_mobile&quot;:{&quot;unit&quot;:&quot;px&quot;,&quot;size&quot;:&quot;&quot;,&quot;sizes&quot;:[]}}\" data-widget_type=\"button.default\">\n\t\t\t\t<div class=\"elementor-widget-container\">\n\t\t\t\t\t\t\t\t\t<div class=\"elementor-button-wrapper\">\n\t\t\t\t\t<a class=\"elementor-button elementor-button-link elementor-size-sm\" href=\"https:\/\/scopeltour.com\/de\/transfer\/\">\n\t\t\t\t\t\t<span class=\"elementor-button-content-wrapper\">\n\t\t\t\t\t\t\t\t\t<span class=\"elementor-button-text\">Du entdeckst<\/span>\n\t\t\t\t\t<\/span>\n\t\t\t\t\t<\/a>\n\t\t\t\t<\/div>\n\t\t\t\t\t\t\t\t<\/div>\n\t\t\t\t<\/div>\n\t\t\t\t\t<\/div>\n\t\t<\/div>\n\t\t\t\t\t<\/div>\n\t\t<\/section>\n\t\t\t\t<section class=\"elementor-section elementor-inner-section elementor-element elementor-element-9e337ee elementor-section-boxed elementor-section-height-default elementor-section-height-default wpr-particle-no wpr-jarallax-no wpr-parallax-no wpr-sticky-section-no elementor-invisible\" data-id=\"9e337ee\" data-element_type=\"section\" data-settings=\"{&quot;background_background&quot;:&quot;classic&quot;,&quot;animation&quot;:&quot;fadeInRight&quot;,&quot;animation_delay&quot;:&quot;1500&quot;}\">\n\t\t\t\t\t\t<div class=\"elementor-container elementor-column-gap-default\">\n\t\t\t\t\t<div class=\"elementor-column elementor-col-50 elementor-inner-column elementor-element elementor-element-a6baabb\" data-id=\"a6baabb\" data-element_type=\"column\">\n\t\t\t<div class=\"elementor-widget-wrap elementor-element-populated\">\n\t\t\t\t\t\t<div class=\"elementor-element elementor-element-e53da3b elementor-position-inline-start elementor-view-default elementor-mobile-position-block-start elementor-widget elementor-widget-icon-box\" data-id=\"e53da3b\" data-element_type=\"widget\" data-widget_type=\"icon-box.default\">\n\t\t\t\t<div class=\"elementor-widget-container\">\n\t\t\t\t\t\t\t<div class=\"elementor-icon-box-wrapper\">\n\n\t\t\t\t\t\t<div class=\"elementor-icon-box-icon\">\n\t\t\t\t<a href=\"https:\/\/scopeltour.com\/de\/noleggio\/\" class=\"elementor-icon\" tabindex=\"-1\" aria-label=\"Autovermietung\">\n\t\t\t\t<svg aria-hidden=\"true\" class=\"e-font-icon-svg e-fas-car-side\" viewbox=\"0 0 640 512\" xmlns=\"http:\/\/www.w3.org\/2000\/svg\"><path d=\"M544 192h-16L419.22 56.02A64.025 64.025 0 0 0 369.24 32H155.33c-26.17 0-49.7 15.93-59.42 40.23L48 194.26C20.44 201.4 0 226.21 0 256v112c0 8.84 7.16 16 16 16h48c0 53.02 42.98 96 96 96s96-42.98 96-96h128c0 53.02 42.98 96 96 96s96-42.98 96-96h48c8.84 0 16-7.16 16-16v-80c0-53.02-42.98-96-96-96zM160 432c-26.47 0-48-21.53-48-48s21.53-48 48-48 48 21.53 48 48-21.53 48-48 48zm72-240H116.93l38.4-96H232v96zm48 0V96h89.24l76.8 96H280zm200 240c-26.47 0-48-21.53-48-48s21.53-48 48-48 48 21.53 48 48-21.53 48-48 48z\"><\/path><\/svg>\t\t\t\t<\/a>\n\t\t\t<\/div>\n\t\t\t\n\t\t\t\t\t\t<div class=\"elementor-icon-box-content\">\n\n\t\t\t\t\t\t\t\t\t<h3 class=\"elementor-icon-box-title\">\n\t\t\t\t\t\t<a href=\"https:\/\/scopeltour.com\/de\/noleggio\/\" >\n\t\t\t\t\t\t\tAutovermietung\t\t\t\t\t\t<\/a>\n\t\t\t\t\t<\/h3>\n\t\t\t\t\n\t\t\t\t\t\t\t\t\t<p class=\"elementor-icon-box-description\">\n\t\t\t\t\t\tVergleiche Modelle und Preise, w\u00e4hle aus vielen Angeboten und finde die perfekte L\u00f6sung. Entdecke jetzt!\t\t\t\t\t<\/p>\n\t\t\t\t\n\t\t\t<\/div>\n\t\t\t\n\t\t<\/div>\n\t\t\t\t\t\t<\/div>\n\t\t\t\t<\/div>\n\t\t\t\t\t<\/div>\n\t\t<\/div>\n\t\t\t\t<div class=\"elementor-column elementor-col-50 elementor-inner-column elementor-element elementor-element-6ad2065\" data-id=\"6ad2065\" data-element_type=\"column\">\n\t\t\t<div class=\"elementor-widget-wrap elementor-element-populated\">\n\t\t\t\t\t\t<div class=\"elementor-element elementor-element-e9c426c elementor-align-center e-transform elementor-widget elementor-widget-button\" data-id=\"e9c426c\" data-element_type=\"widget\" data-settings=\"{&quot;_transform_scale_effect_hover&quot;:{&quot;unit&quot;:&quot;px&quot;,&quot;size&quot;:&quot;0.98&quot;,&quot;sizes&quot;:[]},&quot;_transform_scale_effect_hover_tablet&quot;:{&quot;unit&quot;:&quot;px&quot;,&quot;size&quot;:&quot;&quot;,&quot;sizes&quot;:[]},&quot;_transform_scale_effect_hover_mobile&quot;:{&quot;unit&quot;:&quot;px&quot;,&quot;size&quot;:&quot;&quot;,&quot;sizes&quot;:[]}}\" data-widget_type=\"button.default\">\n\t\t\t\t<div class=\"elementor-widget-container\">\n\t\t\t\t\t\t\t\t\t<div class=\"elementor-button-wrapper\">\n\t\t\t\t\t<a class=\"elementor-button elementor-button-link elementor-size-sm\" href=\"https:\/\/scopeltour.com\/de\/noleggio\/\">\n\t\t\t\t\t\t<span class=\"elementor-button-content-wrapper\">\n\t\t\t\t\t\t\t\t\t<span class=\"elementor-button-text\">Du entdeckst<\/span>\n\t\t\t\t\t<\/span>\n\t\t\t\t\t<\/a>\n\t\t\t\t<\/div>\n\t\t\t\t\t\t\t\t<\/div>\n\t\t\t\t<\/div>\n\t\t\t\t\t<\/div>\n\t\t<\/div>\n\t\t\t\t\t<\/div>\n\t\t<\/section>\n\t\t\t\t\t<\/div>\n\t\t<\/div>\n\t\t\t\t\t<\/div>\n\t\t<\/section>\n\t\t\t\t<\/div>","protected":false},"excerpt":{"rendered":"<p>Transfer Servizio Transfer Privato in Sicilia: Aeroporti di Palermo e Trapani Cerchi un modo comodo e sicuro per raggiungere la tua destinazione? Da oltre 25 anni, Scopeltour \u00e8 il punto di riferimento per i transfer privati in Sicilia occidentale. Siamo specializzati nei collegamenti dagli aeroporti Falcone-Borsellino (Palermo PMO) e Birgi (Trapani TPS) verso le localit\u00e0 turistiche pi\u00f9 belle della costa. Le nostre tratte principali: Transfer Aeroporto Palermo e Trapani \u2b62 Castellammare del Golfo e Scopello Transfer Aeroporto Palermo \u2b62 San Vito Lo Capo Collegamenti per Erice, Segesta, San Vito Lo Capo e le Isole Egadi (Porto di Trapani) Servizi taxi privati per hotel, ville e porti turistici. Prenota il tuo transfer Transfer privati da Castellammare del golfo &#8211; Scopello per aeroporti, porti e hotel in tutta la Sicilia. Scopri Noleggio auto Confronta modelli e prezzi, scegli tra tante offerte e trova la soluzione perfetta. Scopri ora! Scopri<\/p>","protected":false},"author":1,"featured_media":0,"parent":0,"menu_order":0,"comment_status":"closed","ping_status":"closed","template":"elementor_header_footer","meta":{"footnotes":""},"class_list":["post-21","page","type-page","status-publish","hentry"],"yoast_head":"<!-- This site is optimized with the Yoast SEO plugin v26.8 - https:\/\/yoast.com\/product\/yoast-seo-wordpress\/ -->\n<title>Transfer - Scopeltour<\/title>\n<meta name=\"description\" content=\"Grazie alla sua ventennale esperienza, tra le varie strutture ricettive ed i tour proposti, Scopeltour offre anche diversi servizi per tutt...\" \/>\n<meta name=\"robots\" content=\"index, follow, max-snippet:-1, max-image-preview:large, max-video-preview:-1\" \/>\n<link rel=\"canonical\" href=\"https:\/\/scopeltour.com\/de\/transfer-2\/\" \/>\n<meta property=\"og:locale\" content=\"de_DE\" \/>\n<meta property=\"og:type\" content=\"article\" \/>\n<meta property=\"og:title\" content=\"Transfer - Scopeltour\" \/>\n<meta property=\"og:description\" content=\"Grazie alla sua ventennale esperienza, tra le varie strutture ricettive ed i tour proposti, Scopeltour offre anche diversi servizi per tutt...\" \/>\n<meta property=\"og:url\" content=\"https:\/\/scopeltour.com\/de\/transfer-2\/\" \/>\n<meta property=\"og:site_name\" content=\"Scopeltour\" \/>\n<meta property=\"article:publisher\" content=\"https:\/\/www.facebook.com\/Scopeltour\/\" \/>\n<meta property=\"article:modified_time\" content=\"2026-03-21T16:47:48+00:00\" \/>\n<meta name=\"twitter:card\" content=\"summary_large_image\" \/>\n<meta name=\"twitter:label1\" content=\"Gesch\u00e4tzte Lesezeit\" \/>\n\t<meta name=\"twitter:data1\" content=\"1\u00a0Minute\" \/>\n<script type=\"application\/ld+json\" class=\"yoast-schema-graph\">{\"@context\":\"https:\/\/schema.org\",\"@graph\":[{\"@type\":\"WebPage\",\"@id\":\"https:\/\/scopeltour.com\/transfer-2\/\",\"url\":\"https:\/\/scopeltour.com\/transfer-2\/\",\"name\":\"Transfer - Scopeltour\",\"isPartOf\":{\"@id\":\"https:\/\/scopeltour.com\/#website\"},\"datePublished\":\"2023-02-02T00:28:17+00:00\",\"dateModified\":\"2026-03-21T16:47:48+00:00\",\"description\":\"Grazie alla sua ventennale esperienza, tra le varie strutture ricettive ed i tour proposti, Scopeltour offre anche diversi servizi per tutt...\",\"breadcrumb\":{\"@id\":\"https:\/\/scopeltour.com\/transfer-2\/#breadcrumb\"},\"inLanguage\":\"de\",\"potentialAction\":[{\"@type\":\"ReadAction\",\"target\":[\"https:\/\/scopeltour.com\/transfer-2\/\"]}]},{\"@type\":\"BreadcrumbList\",\"@id\":\"https:\/\/scopeltour.com\/transfer-2\/#breadcrumb\",\"itemListElement\":[{\"@type\":\"ListItem\",\"position\":1,\"name\":\"Home\",\"item\":\"https:\/\/scopeltour.com\/\"},{\"@type\":\"ListItem\",\"position\":2,\"name\":\"Transfer\"}]},{\"@type\":\"WebSite\",\"@id\":\"https:\/\/scopeltour.com\/#website\",\"url\":\"https:\/\/scopeltour.com\/\",\"name\":\"Scopeltour\",\"description\":\"Viaggi\",\"publisher\":{\"@id\":\"https:\/\/scopeltour.com\/#organization\"},\"potentialAction\":[{\"@type\":\"SearchAction\",\"target\":{\"@type\":\"EntryPoint\",\"urlTemplate\":\"https:\/\/scopeltour.com\/?s={search_term_string}\"},\"query-input\":{\"@type\":\"PropertyValueSpecification\",\"valueRequired\":true,\"valueName\":\"search_term_string\"}}],\"inLanguage\":\"de\"},{\"@type\":\"Organization\",\"@id\":\"https:\/\/scopeltour.com\/#organization\",\"name\":\"Scopeltour\",\"url\":\"https:\/\/scopeltour.com\/\",\"logo\":{\"@type\":\"ImageObject\",\"inLanguage\":\"de\",\"@id\":\"https:\/\/scopeltour.com\/#\/schema\/logo\/image\/\",\"url\":\"https:\/\/scopeltour.com\/wp-content\/uploads\/2023\/02\/cropped-logo_bianco-1.png\",\"contentUrl\":\"https:\/\/scopeltour.com\/wp-content\/uploads\/2023\/02\/cropped-logo_bianco-1.png\",\"width\":240,\"height\":83,\"caption\":\"Scopeltour\"},\"image\":{\"@id\":\"https:\/\/scopeltour.com\/#\/schema\/logo\/image\/\"},\"sameAs\":[\"https:\/\/www.facebook.com\/Scopeltour\/\",\"https:\/\/www.instagram.com\/scopeltourviaggi\/\",\"https:\/\/www.pinterest.it\/scopeltourviaggi\/\"]}]}<\/script>\n<!-- \/ Yoast SEO plugin. -->","yoast_head_json":{"title":"Transfer - Scopeltour","description":"Grazie alla sua ventennale esperienza, tra le varie strutture ricettive ed i tour proposti, Scopeltour offre anche diversi servizi per tutt...","robots":{"index":"index","follow":"follow","max-snippet":"max-snippet:-1","max-image-preview":"max-image-preview:large","max-video-preview":"max-video-preview:-1"},"canonical":"https:\/\/scopeltour.com\/de\/transfer-2\/","og_locale":"de_DE","og_type":"article","og_title":"Transfer - Scopeltour","og_description":"Grazie alla sua ventennale esperienza, tra le varie strutture ricettive ed i tour proposti, Scopeltour offre anche diversi servizi per tutt...","og_url":"https:\/\/scopeltour.com\/de\/transfer-2\/","og_site_name":"Scopeltour","article_publisher":"https:\/\/www.facebook.com\/Scopeltour\/","article_modified_time":"2026-03-21T16:47:48+00:00","twitter_card":"summary_large_image","twitter_misc":{"Gesch\u00e4tzte Lesezeit":"1\u00a0Minute"},"schema":{"@context":"https:\/\/schema.org","@graph":[{"@type":"WebPage","@id":"https:\/\/scopeltour.com\/transfer-2\/","url":"https:\/\/scopeltour.com\/transfer-2\/","name":"Transfer - Scopeltour","isPartOf":{"@id":"https:\/\/scopeltour.com\/#website"},"datePublished":"2023-02-02T00:28:17+00:00","dateModified":"2026-03-21T16:47:48+00:00","description":"Grazie alla sua ventennale esperienza, tra le varie strutture ricettive ed i tour proposti, Scopeltour offre anche diversi servizi per tutt...","breadcrumb":{"@id":"https:\/\/scopeltour.com\/transfer-2\/#breadcrumb"},"inLanguage":"de","potentialAction":[{"@type":"ReadAction","target":["https:\/\/scopeltour.com\/transfer-2\/"]}]},{"@type":"BreadcrumbList","@id":"https:\/\/scopeltour.com\/transfer-2\/#breadcrumb","itemListElement":[{"@type":"ListItem","position":1,"name":"Home","item":"https:\/\/scopeltour.com\/"},{"@type":"ListItem","position":2,"name":"Transfer"}]},{"@type":"WebSite","@id":"https:\/\/scopeltour.com\/#website","url":"https:\/\/scopeltour.com\/","name":"Scopeltour","description":"Viaggi","publisher":{"@id":"https:\/\/scopeltour.com\/#organization"},"potentialAction":[{"@type":"SearchAction","target":{"@type":"EntryPoint","urlTemplate":"https:\/\/scopeltour.com\/?s={search_term_string}"},"query-input":{"@type":"PropertyValueSpecification","valueRequired":true,"valueName":"search_term_string"}}],"inLanguage":"de"},{"@type":"Organization","@id":"https:\/\/scopeltour.com\/#organization","name":"Scopeltour","url":"https:\/\/scopeltour.com\/","logo":{"@type":"ImageObject","inLanguage":"de","@id":"https:\/\/scopeltour.com\/#\/schema\/logo\/image\/","url":"https:\/\/scopeltour.com\/wp-content\/uploads\/2023\/02\/cropped-logo_bianco-1.png","contentUrl":"https:\/\/scopeltour.com\/wp-content\/uploads\/2023\/02\/cropped-logo_bianco-1.png","width":240,"height":83,"caption":"Scopeltour"},"image":{"@id":"https:\/\/scopeltour.com\/#\/schema\/logo\/image\/"},"sameAs":["https:\/\/www.facebook.com\/Scopeltour\/","https:\/\/www.instagram.com\/scopeltourviaggi\/","https:\/\/www.pinterest.it\/scopeltourviaggi\/"]}]}},"_links":{"self":[{"href":"https:\/\/scopeltour.com\/de\/wp-json\/wp\/v2\/pages\/21","targetHints":{"allow":["GET"]}}],"collection":[{"href":"https:\/\/scopeltour.com\/de\/wp-json\/wp\/v2\/pages"}],"about":[{"href":"https:\/\/scopeltour.com\/de\/wp-json\/wp\/v2\/types\/page"}],"author":[{"embeddable":true,"href":"https:\/\/scopeltour.com\/de\/wp-json\/wp\/v2\/users\/1"}],"replies":[{"embeddable":true,"href":"https:\/\/scopeltour.com\/de\/wp-json\/wp\/v2\/comments?post=21"}],"version-history":[{"count":74,"href":"https:\/\/scopeltour.com\/de\/wp-json\/wp\/v2\/pages\/21\/revisions"}],"predecessor-version":[{"id":7423,"href":"https:\/\/scopeltour.com\/de\/wp-json\/wp\/v2\/pages\/21\/revisions\/7423"}],"wp:attachment":[{"href":"https:\/\/scopeltour.com\/de\/wp-json\/wp\/v2\/media?parent=21"}],"curies":[{"name":"wp","href":"https:\/\/api.w.org\/{rel}","templated":true}]}}